{"id":392,"date":"2024-01-02T22:44:19","date_gmt":"2024-01-03T02:44:19","guid":{"rendered":"https:\/\/paleo.dbvision360.com\/?page_id=392"},"modified":"2024-01-31T18:15:59","modified_gmt":"2024-01-31T22:15:59","slug":"accueil","status":"publish","type":"page","link":"https:\/\/paleo.dbvision360.com\/index.php\/accueil\/","title":{"rendered":"ACCUEIL"},"content":{"rendered":"\n<p>Bonjour,<\/p>\n\n\n\n<p><strong>Le site G\u00c9OLOGIE, PAL\u00c9ONTOLOGIE ET ART\u00c9FACTS est pr\u00e9sentement en r\u00e9novations majeures. Merci \u00e0 tous les lecteurs qui durant toutes ces ann\u00e9es sont venus lire mes recherches. Le site reprendra lentement du service durant l&rsquo;ann\u00e9e 2024.<\/strong><\/p>\n\n\n\n<p><strong>L&rsquo;administrateur du site, 12 d\u00e9cembre\u00a0 2023.<\/strong><\/p>\n\n\n\n<p><strong>&#8212;&#8212;&#8212;&#8212;&#8212;&#8212;&#8212;&#8212;&#8212;&#8212;&#8212;&#8212;&#8212;&#8212;&#8212;&#8212;&#8212;&#8212;&#8212;&#8212;&#8212;&#8212;&#8212;&#8212;&#8212;&#8212;&#8212;&#8212;&#8212;&#8212;-<\/strong><\/p>\n\n\n\n<p><strong>Hello,<\/strong><\/p>\n\n\n\n<p><strong>The GEOLOGY, PALEONTOLOGY AND ARTIFACTS site is currently in major renovations. Thank you to all the readers who during all these years came to read my research.The site will slowly resume service in 2024.<\/strong><\/p>\n\n\n\n<p><strong>The administrator of the site December 28, 2023.<\/strong><\/p>\n","protected":false},"excerpt":{"rendered":"<p>Bonjour, Le site G\u00c9OLOGIE, PAL\u00c9ONTOLOGIE ET ART\u00c9FACTS est pr\u00e9sentement en r\u00e9novations majeures. Merci \u00e0 tous les lecteurs qui durant toutes ces ann\u00e9es sont venus lire mes recherches. Le site reprendra lentement du service durant l&rsquo;ann\u00e9e 2024. L&rsquo;administrateur du site, 12 d\u00e9cembre\u00a0 2023. &#8212;&#8212;&#8212;&#8212;&#8212;&#8212;&#8212;&#8212;&#8212;&#8212;&#8212;&#8212;&#8212;&#8212;&#8212;&#8212;&#8212;&#8212;&#8212;&#8212;&#8212;&#8212;&#8212;&#8212;&#8212;&#8212;&#8212;&#8212;&#8212;&#8212;- Hello, The GEOLOGY, PALEONTOLOGY AND ARTIFACTS site is currently in major renovations. [&hellip;]<\/p>\n","protected":false},"author":1,"featured_media":950,"parent":0,"menu_order":0,"comment_status":"closed","ping_status":"closed","template":"","meta":{"site-container-style":"default","site-container-layout":"default","site-sidebar-layout":"default","site-transparent-header":"default","disable-article-header":"default","disable-site-header":"default","disable-site-footer":"default","disable-content-area-spacing":"default","footnotes":""},"class_list":["post-392","page","type-page","status-publish","has-post-thumbnail","hentry"],"_links":{"self":[{"href":"https:\/\/paleo.dbvision360.com\/index.php\/wp-json\/wp\/v2\/pages\/392","targetHints":{"allow":["GET"]}}],"collection":[{"href":"https:\/\/paleo.dbvision360.com\/index.php\/wp-json\/wp\/v2\/pages"}],"about":[{"href":"https:\/\/paleo.dbvision360.com\/index.php\/wp-json\/wp\/v2\/types\/page"}],"author":[{"embeddable":true,"href":"https:\/\/paleo.dbvision360.com\/index.php\/wp-json\/wp\/v2\/users\/1"}],"replies":[{"embeddable":true,"href":"https:\/\/paleo.dbvision360.com\/index.php\/wp-json\/wp\/v2\/comments?post=392"}],"version-history":[{"count":3,"href":"https:\/\/paleo.dbvision360.com\/index.php\/wp-json\/wp\/v2\/pages\/392\/revisions"}],"predecessor-version":[{"id":1271,"href":"https:\/\/paleo.dbvision360.com\/index.php\/wp-json\/wp\/v2\/pages\/392\/revisions\/1271"}],"wp:featuredmedia":[{"embeddable":true,"href":"https:\/\/paleo.dbvision360.com\/index.php\/wp-json\/wp\/v2\/media\/950"}],"wp:attachment":[{"href":"https:\/\/paleo.dbvision360.com\/index.php\/wp-json\/wp\/v2\/media?parent=392"}],"curies":[{"name":"wp","href":"https:\/\/api.w.org\/{rel}","templated":true}]}}