{"id":74,"date":"2024-01-01T16:33:46","date_gmt":"2024-01-01T20:33:46","guid":{"rendered":"https:\/\/paleo.dbvision360.com\/?page_id=74"},"modified":"2024-01-15T16:26:28","modified_gmt":"2024-01-15T20:26:28","slug":"paleontologie","status":"publish","type":"page","link":"https:\/\/paleo.dbvision360.com\/index.php\/paleontologie\/","title":{"rendered":"PAL\u00c9ONTOLOGIE"},"content":{"rendered":"\n<p>Sur cette partie du site nous verrons ensemble ce qu&rsquo;est la pal\u00e9ontologie. Un voyage dans les strates rocheuses du temps et des \u00eatres ayant v\u00e9cu sur sur Terre.<\/p>\n","protected":false},"excerpt":{"rendered":"<p>Sur cette partie du site nous verrons ensemble ce qu&rsquo;est la pal\u00e9ontologie. Un voyage dans les strates rocheuses du temps et des \u00eatres ayant v\u00e9cu sur sur Terre.<\/p>\n","protected":false},"author":1,"featured_media":0,"parent":0,"menu_order":3,"comment_status":"closed","ping_status":"closed","template":"","meta":{"site-container-style":"default","site-container-layout":"default","site-sidebar-layout":"default","site-transparent-header":"default","disable-article-header":"default","disable-site-header":"default","disable-site-footer":"default","disable-content-area-spacing":"default","footnotes":""},"class_list":["post-74","page","type-page","status-publish","hentry"],"_links":{"self":[{"href":"https:\/\/paleo.dbvision360.com\/index.php\/wp-json\/wp\/v2\/pages\/74","targetHints":{"allow":["GET"]}}],"collection":[{"href":"https:\/\/paleo.dbvision360.com\/index.php\/wp-json\/wp\/v2\/pages"}],"about":[{"href":"https:\/\/paleo.dbvision360.com\/index.php\/wp-json\/wp\/v2\/types\/page"}],"author":[{"embeddable":true,"href":"https:\/\/paleo.dbvision360.com\/index.php\/wp-json\/wp\/v2\/users\/1"}],"replies":[{"embeddable":true,"href":"https:\/\/paleo.dbvision360.com\/index.php\/wp-json\/wp\/v2\/comments?post=74"}],"version-history":[{"count":3,"href":"https:\/\/paleo.dbvision360.com\/index.php\/wp-json\/wp\/v2\/pages\/74\/revisions"}],"predecessor-version":[{"id":799,"href":"https:\/\/paleo.dbvision360.com\/index.php\/wp-json\/wp\/v2\/pages\/74\/revisions\/799"}],"wp:attachment":[{"href":"https:\/\/paleo.dbvision360.com\/index.php\/wp-json\/wp\/v2\/media?parent=74"}],"curies":[{"name":"wp","href":"https:\/\/api.w.org\/{rel}","templated":true}]}}