{"id":76,"date":"2024-01-01T16:34:28","date_gmt":"2024-01-01T20:34:28","guid":{"rendered":"https:\/\/paleo.dbvision360.com\/?page_id=76"},"modified":"2024-01-21T17:49:12","modified_gmt":"2024-01-21T21:49:12","slug":"archeologie","status":"publish","type":"page","link":"https:\/\/paleo.dbvision360.com\/index.php\/archeologie\/","title":{"rendered":"ARCH\u00c9OLOGIE"},"content":{"rendered":"\n<p><strong><u>LES PREMIERS HABITANTS<\/u><\/strong><\/p>\n\n\n\n<p><strong>L&rsquo;histoire des \u00eatres humains d\u00e9buta il y a environ 3 millions d&rsquo;ann\u00e9es. Selon les arch\u00e9ologues, l&rsquo;anc\u00eatre qui nous ressemblait le plus aurait vu le jour il y a au moins 1,8 millions d&rsquo;ann\u00e9es. Dans notre r\u00e9gion, selon des recherches men\u00e9es \u00e0 Philipsburg, Farnham et Bedford, les premiers occupants du territoire sont arriv\u00e9s il y a environ 8,000 \u00e0 10,000 ans avant aujourd&rsquo;hui (C.E.). Ces recherches ont \u00e9t\u00e9 effectu\u00e9es entre 1990 et 1993 par Mr. Claude Chapdelaine, arch\u00e9ologue de l&rsquo;Universit\u00e9 de Montr\u00e9al.<br>Selon M. Frank Rochefort, arch\u00e9ologue au Minist\u00e8re de la Culture, au Qu\u00e9bec les plus vieux vestiges datent d\u2019environ 12000 ans&#8230;&nbsp;<a><\/a>Ils ont \u00e9t\u00e9 d\u00e9couvert sur le site Cliche-Rancourt au Lac aux Araign\u00e9es \u00e0 M\u00e9gantic en 2003 par&nbsp;<u>un arch\u00e9ologue amateur<\/u>. Selon un article de M. \u00c9ric Graillon du Mus\u00e9e de la Nature et des Sciences de Sherbrooke, \u2018\u2019<em>Cette importante d\u00e9couverte n\u2019aurait cependant pu se r\u00e9aliser sans l\u2019\u00e9troite collaboration d\u2019un amateur d\u2019arch\u00e9ologie de la r\u00e9gion<\/em>\u2019\u2019.<\/strong><a href=\"#ref\"><strong><em>*A<\/em><\/strong><\/a><\/p>\n\n\n\n<p><strong>Il y a 10,000 ans, le paysage \u00e9tait tr\u00e8s diff\u00e9rent de celui d&rsquo;aujourd&rsquo;hui. Le sud du Qu\u00e9bec \u00e9tait parsem\u00e9 de plusieurs lacs dont l&rsquo;eau provenait de la fonte des glaciers et la for\u00eat adapt\u00e9e \u00e0 ce climat plus froid que celui que nous connaissons aujourd&rsquo;hui \u00e9tait compos\u00e9e de sapins. Il y a 3,000 ans, pour fabriquer les outils dont ils avaient besoin pour tuer et appr\u00eater leur gibier, les habitants de la r\u00e9gion ont import\u00e9 des pots en argile et des pierres de la r\u00e9gion des Grands Lacs.<\/strong><\/p>\n\n\n\n<p class=\"has-kenta-accent-color has-text-color has-link-color wp-elements-942d085603be2cf31bd56fa8c5462060\"><em style=\"\"><b><strong>La pr\u00e9histoire du Qu\u00e9bec, tout comme celle du nord-est de l&rsquo;Am\u00e9rique du Nord, se divise en trois grandes p\u00e9riodes: le <\/strong><\/b><\/em><em><span><b><strong>Pal\u00e9o indien, l&rsquo;Archa\u00efque et le Sylvicole.<\/strong> <strong>La p\u00e9riode <\/strong><\/b><\/span><strong>pal\u00e9o indienne couvre quatre mill\u00e9naires, entre 12000 et 8 000 ans avant aujourd&rsquo;hui. Il semblerait que les groupes de cette p\u00e9riode n&rsquo;ont pas foul\u00e9 le sol de la r\u00e9gion de Brome-Missisquoi. Ils ont cependant occup\u00e9 des sites situ\u00e9s \u00e0 proximit\u00e9 de la fronti\u00e8re du Qu\u00e9bec. Il n&rsquo;est donc pas impossible que des incursions aient eu lieu \u00e0 cette \u00e9poque lointaine. L&rsquo;absence de ces chasseurs, qui taillaient des pointes \u00e0 cannelures afin d&rsquo;amincir la base et faciliter l&#8217;emmanchement, ne se limite pas \u00e0 Brome-Missisquoi. Elle vaut aussi pour tout le Qu\u00e9bec. Apr\u00e8s l&rsquo;an 10000 avant aujourd&rsquo;hui, une nouvelle migration de groupes dont la culture est diff\u00e9rente des premiers groupes pal\u00e9o indiens va se produire dans la vall\u00e9e du Saint-Laurent, mais curieusement la plupart des sites se trouvent \u00e0 l&rsquo;est de la ville de Qu\u00e9bec. Des concentrations de sites ont \u00e9t\u00e9 trouv\u00e9es dans la r\u00e9gion de Rimouski et sur la rive nord de la Gasp\u00e9sie.&nbsp;<\/strong><\/em><a href=\"#ref\"><strong><em>*1<\/em><\/strong><\/a><\/p>\n\n\n\n<p style=\"font-size:14px\"><strong><em>Ref.:<\/em><\/strong><br><strong><em>*A<\/em>-Extrait du document du d\u00e9roulement du colloque 2009 de l\u2019Association des&nbsp; arch\u00e9ologues du Qu\u00e9bec, section 4.1:&nbsp;<\/strong><strong><em>La d\u00e9couverte d\u2019un site pal\u00e9o indien ancien en Estrie : l\u2019aboutissement d\u2019un demi-si\u00e8cle de coop\u00e9ration entre arch\u00e9ologues amateurs et professionnels<\/em><br><a href=\"http:\/\/www.archeologie.qc.ca\/Colloque\/Colloque-AAQ-2009.pdf\" target=\"_blank\" rel=\"noreferrer noopener\">http:\/\/www.archeologie.qc.ca\/Colloque\/Colloque-AAQ-2009.pdf<\/a><\/strong><\/p>\n\n\n\n<p class=\"has-kenta-accent-color has-text-color has-link-color wp-elements-0ea53656d84415a3cbafe9e0ba4d2de1\" style=\"font-size:14px\"><strong><em>*1<\/em>&#8211;<em>Extrait du site Web<\/em>:<a href=\"http:\/\/www.pikeriver.coolfreepages.com\/archeo2.htm\" target=\"_blank\" rel=\"noreferrer noopener\">http:\/\/www.pikeriver.coolfreepages.com\/archeo2.htm<\/a>&nbsp;(qui n\u2019est plus actif)<br>&nbsp;&nbsp; Auteur : Claude Chapdelaine, Universit\u00e9 de Montr\u00e9al.<\/strong><\/p>\n\n\n\n<p style=\"font-size:12px\"><strong><em>B.C.E.:\u00a0Signifie Common Era, \u00c8re Commune. Compt\u00e9 \u00e0 partir de l\u2019ann\u00e9e 1, date suppos\u00e9e de la naissance de J\u00e9sus.<br>C.E.: Signifie Before Common Era, Avant l\u2019\u00c8re Commune.<\/em><\/strong><\/p>\n","protected":false},"excerpt":{"rendered":"<p>LES PREMIERS HABITANTS L&rsquo;histoire des \u00eatres humains d\u00e9buta il y a environ 3 millions d&rsquo;ann\u00e9es. Selon les arch\u00e9ologues, l&rsquo;anc\u00eatre qui nous ressemblait le plus aurait vu le jour il y a au moins 1,8 millions d&rsquo;ann\u00e9es. Dans notre r\u00e9gion, selon des recherches men\u00e9es \u00e0 Philipsburg, Farnham et Bedford, les premiers occupants du territoire sont arriv\u00e9s [&hellip;]<\/p>\n","protected":false},"author":1,"featured_media":0,"parent":0,"menu_order":3,"comment_status":"closed","ping_status":"closed","template":"","meta":{"site-container-style":"default","site-container-layout":"default","site-sidebar-layout":"default","site-transparent-header":"default","disable-article-header":"default","disable-site-header":"default","disable-site-footer":"default","disable-content-area-spacing":"default","footnotes":""},"class_list":["post-76","page","type-page","status-publish","hentry"],"_links":{"self":[{"href":"https:\/\/paleo.dbvision360.com\/index.php\/wp-json\/wp\/v2\/pages\/76","targetHints":{"allow":["GET"]}}],"collection":[{"href":"https:\/\/paleo.dbvision360.com\/index.php\/wp-json\/wp\/v2\/pages"}],"about":[{"href":"https:\/\/paleo.dbvision360.com\/index.php\/wp-json\/wp\/v2\/types\/page"}],"author":[{"embeddable":true,"href":"https:\/\/paleo.dbvision360.com\/index.php\/wp-json\/wp\/v2\/users\/1"}],"replies":[{"embeddable":true,"href":"https:\/\/paleo.dbvision360.com\/index.php\/wp-json\/wp\/v2\/comments?post=76"}],"version-history":[{"count":5,"href":"https:\/\/paleo.dbvision360.com\/index.php\/wp-json\/wp\/v2\/pages\/76\/revisions"}],"predecessor-version":[{"id":990,"href":"https:\/\/paleo.dbvision360.com\/index.php\/wp-json\/wp\/v2\/pages\/76\/revisions\/990"}],"wp:attachment":[{"href":"https:\/\/paleo.dbvision360.com\/index.php\/wp-json\/wp\/v2\/media?parent=76"}],"curies":[{"name":"wp","href":"https:\/\/api.w.org\/{rel}","templated":true}]}}