{"id":78,"date":"2024-01-01T16:35:24","date_gmt":"2024-01-01T20:35:24","guid":{"rendered":"https:\/\/paleo.dbvision360.com\/?page_id=78"},"modified":"2024-01-25T18:38:42","modified_gmt":"2024-01-25T22:38:42","slug":"archeoastronomie","status":"publish","type":"page","link":"https:\/\/paleo.dbvision360.com\/index.php\/archeoastronomie\/","title":{"rendered":"ARCH\u00c9OASTRONOMIE"},"content":{"rendered":"\n<p><strong>L\u2019arch\u00e9o-astronomie est un sujet int\u00e9ressant et \u00e9nigmatique.<br>&nbsp;<br>Cette science qui a vu le jour dans les ann\u00e9es 1800 traite sp\u00e9cifiquement des alignements astronomiques de certains vestiges avec les astres ainsi que du comportement des \u00eatres humains les ayant construits. C\u2019est un m\u00e9lange entre l\u2019arch\u00e9ologie et l\u2019astronomie.<br>Au Qu\u00e9bec l\u2019arch\u00e9oastronomie n\u2019est pas encore un domaine tr\u00e8s populaire car beaucoup d\u2019arch\u00e9ologues \u00e9vitent de s\u2019y aventurer. C\u2019est parfois soit par m\u00e9connaissance de ses sp\u00e9cificit\u00e9s, par un soup\u00e7on d\u2019incr\u00e9dulit\u00e9 ou simplement par manque d\u2019int\u00e9r\u00eat qu\u2019il \u00e9cartent les conclusions provenant de cette science. L\u2019arch\u00e9ologie s\u2019appuit sur des faits concr\u00eats et base ses d\u00e9couvertes sur ces faits. L\u2019arch\u00e9oastronomie se base sur l\u2019astronomie pour d\u00e9duire les dates de construction de certains vestiges, comme les axes des anciens b\u00e2timents de pierre align\u00e9s sur les solstices par exemples. Ces \u2018\u2019d\u00e9ductions\u2019\u2019 biens calcul\u00e9es peuvent ne pas \u00eatre des faits assez irr\u00e9futables pour les arch\u00e9ologues, ce qui peut \u00eatre compr\u00e9hensible. Par contre, ailleurs dans le monde, certains scientifiques en font leur sp\u00e9cialit\u00e9 et font de stup\u00e9fiantes d\u00e9couvertes au sujet des connaissances math\u00e9matiques et astronimiques de nos anc\u00eatres ayant v\u00e9cus il y a plusieurs mill\u00e9naires!<br><br>Les soci\u00e9t\u00e9s de l\u2019\u00e2ge de BRONZE qui ont construit les monuments m\u00e9galithiques comme celui de StoneHenge en Angleterre avaient des croyances bien sp\u00e9ciales concernant les astres comme la Lune, le Soleil et V\u00e9nus. Leur position dans le ciel \u00e0 un temps pr\u00e9cis avait une signification sacr\u00e9e et \u00e9tait vraisemblablement rapport\u00e9e sur les axes des constructions de pierre et par des p\u00e9troglyphes. Les \u00e9quinoxes sont un temps de l\u2019ann\u00e9e o\u00f9 la dur\u00e9e de la nuit est \u00e9gale \u00e0 celle du jour. Les Major Lunar Standstill font partie du cycle de la lune et se reproduisent tout les 18,6 ans. Lors de cette p\u00e9riode, la lune semble voyager d\u2019un extr\u00e8me \u00e0 l\u2019autre de sa trajectoire de +28,8 degr\u00e9s de d\u00e9clinaison \u00e0 -28,8 degr\u00e9s \u00e0 tous les mois pour quelques ann\u00e9es. La lune peut alors \u00eatre vue \u00e0 tour de r\u00f4le, se levant plus au nord et plus au sud que le soleil levant. (ref.)<\/strong><\/p>\n\n\n\n<div class=\"wp-block-media-text is-stacked-on-mobile\"><figure class=\"wp-block-media-text__media\"><img loading=\"lazy\" decoding=\"async\" width=\"346\" height=\"266\" src=\"https:\/\/paleo.dbvision360.com\/wp-content\/uploads\/2024\/01\/a_Mexique_2005_081smca.jpg\" alt=\"\" class=\"wp-image-1069 size-full\" srcset=\"https:\/\/paleo.dbvision360.com\/wp-content\/uploads\/2024\/01\/a_Mexique_2005_081smca.jpg 346w, https:\/\/paleo.dbvision360.com\/wp-content\/uploads\/2024\/01\/a_Mexique_2005_081smca-300x231.jpg 300w\" sizes=\"auto, (max-width: 346px) 100vw, 346px\" \/><\/figure><div class=\"wp-block-media-text__content\">\n<p><strong>Des preuves ont \u00e9t\u00e9 trouv\u00e9es sur des sites d\u2019anciennes cultures montrant des alignements vers les levers et couchers de lune \u00e0 des dates pr\u00e9cises de la phase lunaire majeure o\u00f9 la lune semble pleine pendant quelques nuits de suite (le Major Lunar Standstill). Chimney Roch au Colorado et les sites Hopewell en Ohio n\u2019en sont que quelques-uns.(ref.)<\/strong><\/p>\n\n\n\n<p><strong>Aux \u00c9tats-Unis, j\u2019ai visit\u00e9 un site\u00a0 r\u00e9put\u00e9 pour ses vestiges align\u00e9s avec les \u00e9quinoxes et les solstices d\u2019\u00e9t\u00e9 et d\u2019hiver: America\u2019s StoneHenge.<\/strong> <\/p>\n\n\n\n<p><strong>Ainsi qu\u2019un site situ\u00e9 pr\u00e8s du lac Memphr\u00e9magog dans le Canton de Potton, au Qu\u00e9bec. Selon une \u00e9tude que j\u2019ai r\u00e9alis\u00e9e, ce site contient des p\u00e9troglyphes orient\u00e9s selon les solstices du soleil et les \u2018\u2019Lunar Standstills\u2019\u2019, l\u2019endroit o\u00f9 la lune atteint un maximum de sa course dans le ciel tous les 18,6 ans. Voir:\u00a0Le site Jones<\/strong><\/p>\n\n\n\n<p><\/p>\n\n\n\n<p class=\"has-text-align-center\"><\/p>\n<\/div><\/div>\n\n\n\n<p class=\"has-text-align-center\"><strong>Liens:<br><\/strong><a href=\"https:\/\/terpconnect.umd.edu\/~tlaloc\/archastro\/index.html\" target=\"_blank\" rel=\"noreferrer noopener\"><strong>Center for Archaeoastronomy, University of Maryland<\/strong><\/a><br><a href=\"https:\/\/www.archaeoastronomy.org\/\" target=\"_blank\" rel=\"noreferrer noopener\"><strong>The International Society for Archaeoastronomy and Astronomy in Culture<\/strong><\/a><br><a href=\"http:\/\/www.megalithic.co.uk\/article.php?sid=2146410634\" target=\"_blank\" rel=\"noreferrer noopener\">The <\/a><a href=\"https:\/\/www.megalithic.co.uk\/article.php?sid=2146410634\" target=\"_blank\" rel=\"noreferrer noopener\">Megalithic<\/a><a href=\"http:\/\/www.megalithic.co.uk\/article.php?sid=2146410634\" target=\"_blank\" rel=\"noreferrer noopener\"> Portal<\/a><\/p>\n\n\n\n<p class=\"has-text-align-center\">Ref:<a href=\"https:\/\/www.umass.edu\/sunwheel\/pages\/moonteaching.html\" target=\"_blank\" rel=\"noreferrer noopener\">http:\/\/www.umass.edu\/sunwheel\/pages\/moonteaching.html<\/a><br>Ref:<a href=\"https:\/\/en.wikipedia.org\/wiki\/Lunar_standstill\" target=\"_blank\" rel=\"noreferrer noopener\">http:\/\/en.wikipedia.org\/wiki\/Lunar_standstill<\/a><\/p>\n","protected":false},"excerpt":{"rendered":"<p>L\u2019arch\u00e9o-astronomie est un sujet int\u00e9ressant et \u00e9nigmatique.&nbsp;Cette science qui a vu le jour dans les ann\u00e9es 1800 traite sp\u00e9cifiquement des alignements astronomiques de certains vestiges avec les astres ainsi que du comportement des \u00eatres humains les ayant construits. C\u2019est un m\u00e9lange entre l\u2019arch\u00e9ologie et l\u2019astronomie.Au Qu\u00e9bec l\u2019arch\u00e9oastronomie n\u2019est pas encore un domaine tr\u00e8s populaire car [&hellip;]<\/p>\n","protected":false},"author":1,"featured_media":343,"parent":0,"menu_order":4,"comment_status":"closed","ping_status":"closed","template":"","meta":{"site-container-style":"default","site-container-layout":"default","site-sidebar-layout":"default","site-transparent-header":"default","disable-article-header":"default","disable-site-header":"default","disable-site-footer":"default","disable-content-area-spacing":"default","footnotes":""},"class_list":["post-78","page","type-page","status-publish","has-post-thumbnail","hentry"],"_links":{"self":[{"href":"https:\/\/paleo.dbvision360.com\/index.php\/wp-json\/wp\/v2\/pages\/78","targetHints":{"allow":["GET"]}}],"collection":[{"href":"https:\/\/paleo.dbvision360.com\/index.php\/wp-json\/wp\/v2\/pages"}],"about":[{"href":"https:\/\/paleo.dbvision360.com\/index.php\/wp-json\/wp\/v2\/types\/page"}],"author":[{"embeddable":true,"href":"https:\/\/paleo.dbvision360.com\/index.php\/wp-json\/wp\/v2\/users\/1"}],"replies":[{"embeddable":true,"href":"https:\/\/paleo.dbvision360.com\/index.php\/wp-json\/wp\/v2\/comments?post=78"}],"version-history":[{"count":7,"href":"https:\/\/paleo.dbvision360.com\/index.php\/wp-json\/wp\/v2\/pages\/78\/revisions"}],"predecessor-version":[{"id":1078,"href":"https:\/\/paleo.dbvision360.com\/index.php\/wp-json\/wp\/v2\/pages\/78\/revisions\/1078"}],"wp:featuredmedia":[{"embeddable":true,"href":"https:\/\/paleo.dbvision360.com\/index.php\/wp-json\/wp\/v2\/media\/343"}],"wp:attachment":[{"href":"https:\/\/paleo.dbvision360.com\/index.php\/wp-json\/wp\/v2\/media?parent=78"}],"curies":[{"name":"wp","href":"https:\/\/api.w.org\/{rel}","templated":true}]}}