{"id":917,"date":"2024-01-20T13:45:09","date_gmt":"2024-01-20T17:45:09","guid":{"rendered":"https:\/\/paleo.dbvision360.com\/?page_id=917"},"modified":"2024-01-21T15:44:16","modified_gmt":"2024-01-21T19:44:16","slug":"photos-zoom","status":"publish","type":"page","link":"https:\/\/paleo.dbvision360.com\/index.php\/photos-zoom\/","title":{"rendered":"PHOTOS ZOOM"},"content":{"rendered":"\n<p class=\"has-text-align-center\"><strong>EXPLOREZ LES ROCHES D&rsquo;UNE FA\u00c7ON DE FA\u00c7ON MACROSCOPIQUE COMME AVEC UNE LOUPE<\/strong><strong> <\/strong><\/p>\n\n\n\n<p class=\"has-text-align-center\"><strong>Il est possible de se d\u00e9placer dans l\u2019image<br>\u00a0et d\u2019obtenir un grossissement avec votre souris. <\/strong><br><strong>Pour agrandir une image, cliquer dessus.<\/strong><br><strong>Pour sortir de l&rsquo;image, cliquer \u00e0 c\u00f4t\u00e9 et vous reviendrez \u00e0 la page de PHOTOS ZOOM. <\/strong><br><strong>Pour jouer toutes les photos comme un diaporama, cliquer sur le bouton JOUER. <\/strong>\u25ba<br><strong>J&rsquo;ajouterai des photos de meilleure qualit\u00e9 d&rsquo;ici peu.<br><\/strong><br><br><\/p>\n\n\n\n<div class=\"wp-block-media-text is-stacked-on-mobile is-vertically-aligned-center\" style=\"grid-template-columns:38% auto\"><figure class=\"wp-block-media-text__media\"><img loading=\"lazy\" decoding=\"async\" width=\"288\" height=\"288\" src=\"https:\/\/paleo.dbvision360.com\/wp-content\/uploads\/2024\/01\/BOUTONS-Zoom.jpg\" alt=\"\" class=\"wp-image-972 size-full\" srcset=\"https:\/\/paleo.dbvision360.com\/wp-content\/uploads\/2024\/01\/BOUTONS-Zoom.jpg 288w, https:\/\/paleo.dbvision360.com\/wp-content\/uploads\/2024\/01\/BOUTONS-Zoom-150x150.jpg 150w\" sizes=\"auto, (max-width: 288px) 100vw, 288px\" \/><\/figure><div class=\"wp-block-media-text__content\">\n<p class=\"has-text-align-center\" style=\"font-size:clamp(25.014px, 1.563rem + ((1vw - 3.2px) * 2.071), 42px);\"><strong>BOUTONS DE CONTR\u00d4LE<\/strong><br><strong>DU ZOOM<\/strong><\/p>\n<\/div><\/div>\n\n\n<div class=\"uig-img-viewer uig-img-viewer-931\" gallery_id=\"931\">\r\n\t<style>\r\n\t\t.uig-img-viewer.uig-img-viewer-931 .uig_gallery_images .uig-gallery-item {\r\n\t\t\tborder-radius: 3px;\r\n\t\t}\r\n\t<\/style>\r\n\t\t<div class=\"uig-image-gallery-wrapper\">\r\n\t\t\t\t<div id=\"uig_gallery_images_931\" class=\"uig_gallery_images uig_zoom_gallery uig_masonry_layout three-column fifteen-px\">\r\n\t\t\t\t\t\t\t\t\t<div class=\"uig-gallery-item uig-masonry-gallery-item \">\r\n\t<img decoding=\"async\" src=\"https:\/\/paleo.dbvision360.com\/wp-content\/uploads\/2024\/01\/TYRANNOSAURE-IMG_7474_cpr.jpg\" alt=\"TYRANNOSAURE - Mus\u00e9e \u00e0 Qu\u00e9bec\">\r\n\t\t<div class=\"uig-item-meta \">\r\n\t\t\t\t<h2 class=\"uig-image-title\">TYRANNOSAURE - Mus\u00e9e \u00e0 Qu\u00e9bec<\/h2>\r\n\t\t\t\t\r\n\t\t\t<\/div>\r\n\t\t<\/div><div class=\"uig-gallery-item uig-masonry-gallery-item \">\r\n\t<img decoding=\"async\" src=\"https:\/\/paleo.dbvision360.com\/wp-content\/uploads\/2024\/01\/IMG_7483_cpr.jpg\" alt=\"ALLOSAURE - Mus\u00e9e \u00e0 Qu\u00e9bec\">\r\n\t\t<div class=\"uig-item-meta \">\r\n\t\t\t\t<h2 class=\"uig-image-title\">ALLOSAURE - Mus\u00e9e \u00e0 Qu\u00e9bec<\/h2>\r\n\t\t\t\t\r\n\t\t\t<\/div>\r\n\t\t<\/div><div class=\"uig-gallery-item uig-masonry-gallery-item \">\r\n\t<img decoding=\"async\" src=\"https:\/\/paleo.dbvision360.com\/wp-content\/uploads\/2024\/01\/IMG_7480_cpr.jpg\" alt=\"DENTS D&#039;ALLOSAURE - Mus\u00e9e \u00e0 Qu\u00e9bec\">\r\n\t\t<div class=\"uig-item-meta \">\r\n\t\t\t\t<h2 class=\"uig-image-title\">DENTS D&#039;ALLOSAURE - Mus\u00e9e \u00e0 Qu\u00e9bec<\/h2>\r\n\t\t\t\t\r\n\t\t\t<\/div>\r\n\t\t<\/div><div class=\"uig-gallery-item uig-masonry-gallery-item \">\r\n\t<img decoding=\"async\" src=\"https:\/\/paleo.dbvision360.com\/wp-content\/uploads\/2024\/01\/TYRANNOSAURE-IMG_7472_cpr.jpg\" alt=\"M\u00c2CHOIRE DE T-REX - Mus\u00e9e \u00e0 Qu\u00e9bec\">\r\n\t\t<div class=\"uig-item-meta \">\r\n\t\t\t\t<h2 class=\"uig-image-title\">M\u00c2CHOIRE DE T-REX - Mus\u00e9e \u00e0 Qu\u00e9bec<\/h2>\r\n\t\t\t\t\r\n\t\t\t<\/div>\r\n\t\t<\/div><div class=\"uig-gallery-item uig-masonry-gallery-item \">\r\n\t<img decoding=\"async\" src=\"https:\/\/paleo.dbvision360.com\/wp-content\/uploads\/2024\/01\/Centrosaurus-DSC08706_cpr-scaled.jpg\" alt=\"CENTROSAURE - Mus\u00e9e de l&#039;U. Laval de Qu\u00e9bec\">\r\n\t\t<div class=\"uig-item-meta \">\r\n\t\t\t\t<h2 class=\"uig-image-title\">CENTROSAURE - Mus\u00e9e de l&#039;U. Laval de Qu\u00e9bec<\/h2>\r\n\t\t\t\t\r\n\t\t\t<\/div>\r\n\t\t<\/div><div class=\"uig-gallery-item uig-masonry-gallery-item \">\r\n\t<img decoding=\"async\" src=\"https:\/\/paleo.dbvision360.com\/wp-content\/uploads\/2024\/01\/Centrosaurus-DSC08699-2_2048-cpr.jpg\" alt=\"M\u00c2CHOIRE DE CENTROSAURE- Mus\u00e9e de l&#039;U. Laval de Qu\u00e9bec\">\r\n\t\t<div class=\"uig-item-meta \">\r\n\t\t\t\t<h2 class=\"uig-image-title\">M\u00c2CHOIRE DE CENTROSAURE- Mus\u00e9e de l&#039;U. Laval de Qu\u00e9bec<\/h2>\r\n\t\t\t\t\r\n\t\t\t<\/div>\r\n\t\t<\/div><div class=\"uig-gallery-item uig-masonry-gallery-item \">\r\n\t<img decoding=\"async\" src=\"https:\/\/paleo.dbvision360.com\/wp-content\/uploads\/2024\/01\/DCP_1484_cpr.jpg\" alt=\"F\u00c9LIX LE B\u00c9LUGA - Montr\u00e9al\">\r\n\t\t<div class=\"uig-item-meta \">\r\n\t\t\t\t<h2 class=\"uig-image-title\">F\u00c9LIX LE B\u00c9LUGA - Montr\u00e9al<\/h2>\r\n\t\t\t\t\r\n\t\t\t<\/div>\r\n\t\t<\/div><div class=\"uig-gallery-item uig-masonry-gallery-item \">\r\n\t<img decoding=\"async\" src=\"https:\/\/paleo.dbvision360.com\/wp-content\/uploads\/2024\/01\/DCP_1478_cpr.jpg\" alt=\"COLONNE VERT\u00c9BRALE ET THORAX DE F\u00c9LIX LE B\u00c9LUGA - Montr\u00e9al\">\r\n\t\t<div class=\"uig-item-meta \">\r\n\t\t\t\t<h2 class=\"uig-image-title\">COLONNE VERT\u00c9BRALE ET THORAX DE F\u00c9LIX LE B\u00c9LUGA - Montr\u00e9al<\/h2>\r\n\t\t\t\t\r\n\t\t\t<\/div>\r\n\t\t<\/div><div class=\"uig-gallery-item uig-masonry-gallery-item \">\r\n\t<img decoding=\"async\" src=\"https:\/\/paleo.dbvision360.com\/wp-content\/uploads\/2024\/01\/IMG_1486_cpr-scaled.jpg\" alt=\"POISSON - MER DE GOLTHWAIT - St-Paul-du-Nord\">\r\n\t\t<div class=\"uig-item-meta \">\r\n\t\t\t\t<h2 class=\"uig-image-title\">POISSON - MER DE GOLTHWAIT - St-Paul-du-Nord<\/h2>\r\n\t\t\t\t\r\n\t\t\t<\/div>\r\n\t\t<\/div><div class=\"uig-gallery-item uig-masonry-gallery-item \">\r\n\t<img decoding=\"async\" src=\"https:\/\/paleo.dbvision360.com\/wp-content\/uploads\/2024\/01\/IMG_1487_cpr-scaled.jpg\" alt=\"POISSON - MER DE GOLTHWAIT - St-Paul-du-Nord\">\r\n\t\t<div class=\"uig-item-meta \">\r\n\t\t\t\t<h2 class=\"uig-image-title\">POISSON - MER DE GOLTHWAIT - St-Paul-du-Nord<\/h2>\r\n\t\t\t\t\r\n\t\t\t<\/div>\r\n\t\t<\/div><div class=\"uig-gallery-item uig-masonry-gallery-item \">\r\n\t<img decoding=\"async\" src=\"https:\/\/paleo.dbvision360.com\/wp-content\/uploads\/2024\/01\/IMG_1491_cpr-scaled.jpg\" alt=\"POISSON - MER DE GOLTHWAIT - St-Paul-du-Nord\">\r\n\t\t<div class=\"uig-item-meta \">\r\n\t\t\t\t<h2 class=\"uig-image-title\">POISSON - MER DE GOLTHWAIT - St-Paul-du-Nord<\/h2>\r\n\t\t\t\t\r\n\t\t\t<\/div>\r\n\t\t<\/div><div class=\"uig-gallery-item uig-masonry-gallery-item \">\r\n\t<img decoding=\"async\" src=\"https:\/\/paleo.dbvision360.com\/wp-content\/uploads\/2024\/01\/IMG_1492_cpr-scaled.jpg\" alt=\"POISSON - MER DE GOLTHWAIT - St-Paul-du-Nord\">\r\n\t\t<div class=\"uig-item-meta \">\r\n\t\t\t\t<h2 class=\"uig-image-title\">POISSON - MER DE GOLTHWAIT - St-Paul-du-Nord<\/h2>\r\n\t\t\t\t\r\n\t\t\t<\/div>\r\n\t\t<\/div><div class=\"uig-gallery-item uig-masonry-gallery-item \">\r\n\t<img decoding=\"async\" src=\"https:\/\/paleo.dbvision360.com\/wp-content\/uploads\/2024\/01\/IMG_9923_cpr-scaled.jpg\" alt=\"FOSSILE DE TRILOBITE- MOULIN FISK, CRABTREE\">\r\n\t\t<div class=\"uig-item-meta \">\r\n\t\t\t\t<h2 class=\"uig-image-title\">FOSSILE DE TRILOBITE- MOULIN FISK, CRABTREE<\/h2>\r\n\t\t\t\t\r\n\t\t\t<\/div>\r\n\t\t<\/div><div class=\"uig-gallery-item uig-masonry-gallery-item \">\r\n\t<img decoding=\"async\" src=\"https:\/\/paleo.dbvision360.com\/wp-content\/uploads\/2024\/01\/DSC04261_cpr-scaled.jpg\" alt=\"FOSSILE DE L&#039;ORDOVICIEN - FAVOSITE ET AUTRES MOULIN FISK, CRABTREE\">\r\n\t\t<div class=\"uig-item-meta \">\r\n\t\t\t\t<h2 class=\"uig-image-title\">FOSSILE DE L&#039;ORDOVICIEN - FAVOSITE ET AUTRES MOULIN FISK, CRABTREE<\/h2>\r\n\t\t\t\t\r\n\t\t\t<\/div>\r\n\t\t<\/div><div class=\"uig-gallery-item uig-masonry-gallery-item \">\r\n\t<img decoding=\"async\" src=\"https:\/\/paleo.dbvision360.com\/wp-content\/uploads\/2024\/01\/DSC04540_cpr-scaled.jpg\" alt=\"TUNNELS DE VER - ORDOVICIEN - Cowansville\">\r\n\t\t<div class=\"uig-item-meta \">\r\n\t\t\t\t<h2 class=\"uig-image-title\">TUNNELS DE VER - ORDOVICIEN - Cowansville<\/h2>\r\n\t\t\t\t\r\n\t\t\t<\/div>\r\n\t\t<\/div><div class=\"uig-gallery-item uig-masonry-gallery-item \">\r\n\t<img decoding=\"async\" src=\"https:\/\/paleo.dbvision360.com\/wp-content\/uploads\/2024\/01\/DSC02425_cpr_sm-scaled.jpg\" alt=\"FOND MARIN FOSSILIS\u00c9 - ORDOVICIEN - Cowansville\">\r\n\t\t<div class=\"uig-item-meta \">\r\n\t\t\t\t<h2 class=\"uig-image-title\">FOND MARIN FOSSILIS\u00c9 - ORDOVICIEN - Cowansville<\/h2>\r\n\t\t\t\t\r\n\t\t\t<\/div>\r\n\t\t<\/div><div class=\"uig-gallery-item uig-masonry-gallery-item \">\r\n\t<img decoding=\"async\" src=\"https:\/\/paleo.dbvision360.com\/wp-content\/uploads\/2024\/01\/IMG_9938_cpr_sm-scaled.jpg\" alt=\"FOSSILE DE STROMATOLITHE OU DE BRYOSOAIRES - Cowansville\">\r\n\t\t<div class=\"uig-item-meta \">\r\n\t\t\t\t<h2 class=\"uig-image-title\">FOSSILE DE STROMATOLITHE OU DE BRYOSOAIRES - Cowansville<\/h2>\r\n\t\t\t\t\r\n\t\t\t<\/div>\r\n\t\t<\/div><div class=\"uig-gallery-item uig-masonry-gallery-item \">\r\n\t<img decoding=\"async\" src=\"https:\/\/paleo.dbvision360.com\/wp-content\/uploads\/2024\/01\/IMG_9891_cpr_sm-scaled.jpg\" alt=\"FOSSILE DE C\u00c9PHALOPODE, GENRE PROB. ORTHOCERAS - Cowansville\">\r\n\t\t<div class=\"uig-item-meta \">\r\n\t\t\t\t<h2 class=\"uig-image-title\">FOSSILE DE C\u00c9PHALOPODE, GENRE PROB. ORTHOCERAS - Cowansville<\/h2>\r\n\t\t\t\t\r\n\t\t\t<\/div>\r\n\t\t<\/div><div class=\"uig-gallery-item uig-masonry-gallery-item \">\r\n\t<img decoding=\"async\" src=\"https:\/\/paleo.dbvision360.com\/wp-content\/uploads\/2024\/01\/DSC00880_cpr_sm-scaled.jpg\" alt=\"FOSSILE DE BRYOSOAIRES - SAINT-IR\u00c9N\u00c9E, CHARLEVOIX\">\r\n\t\t<div class=\"uig-item-meta \">\r\n\t\t\t\t<h2 class=\"uig-image-title\">FOSSILE DE BRYOSOAIRES - SAINT-IR\u00c9N\u00c9E, CHARLEVOIX<\/h2>\r\n\t\t\t\t\r\n\t\t\t<\/div>\r\n\t\t<\/div><div class=\"uig-gallery-item uig-masonry-gallery-item \">\r\n\t<img decoding=\"async\" src=\"https:\/\/paleo.dbvision360.com\/wp-content\/uploads\/2024\/01\/DSC00882_cpr_sm-scaled.jpg\" alt=\"FOSSILE DE BRYOSOAIRES - SAINT-IR\u00c9N\u00c9E, CHARLEVOIX\">\r\n\t\t<div class=\"uig-item-meta \">\r\n\t\t\t\t<h2 class=\"uig-image-title\">FOSSILE DE BRYOSOAIRES - SAINT-IR\u00c9N\u00c9E, CHARLEVOIX<\/h2>\r\n\t\t\t\t\r\n\t\t\t<\/div>\r\n\t\t<\/div><div class=\"uig-gallery-item uig-masonry-gallery-item \">\r\n\t<img decoding=\"async\" src=\"https:\/\/paleo.dbvision360.com\/wp-content\/uploads\/2024\/01\/xti-2-015cr_cpr.jpg\" alt=\"FOND MARIN FOSSILIS\u00c9 - ORDOVICIEN - Cowansville\">\r\n\t\t<div class=\"uig-item-meta \">\r\n\t\t\t\t<h2 class=\"uig-image-title\">FOND MARIN FOSSILIS\u00c9 - ORDOVICIEN - Cowansville<\/h2>\r\n\t\t\t\t\r\n\t\t\t<\/div>\r\n\t\t<\/div><div class=\"uig-gallery-item uig-masonry-gallery-item \">\r\n\t<img decoding=\"async\" src=\"https:\/\/paleo.dbvision360.com\/wp-content\/uploads\/2024\/01\/DSC04525_cpr-scaled.jpg\" alt=\"POINTE DE FL\u00c8CHE 3000 ANS +\/- Cowansville\">\r\n\t\t<div class=\"uig-item-meta \">\r\n\t\t\t\t<h2 class=\"uig-image-title\">POINTE DE FL\u00c8CHE 3000 ANS +\/- Cowansville<\/h2>\r\n\t\t\t\t\r\n\t\t\t<\/div>\r\n\t\t<\/div><div class=\"uig-gallery-item uig-masonry-gallery-item \">\r\n\t<img decoding=\"async\" src=\"https:\/\/paleo.dbvision360.com\/wp-content\/uploads\/2024\/01\/DSC04524_cpr-scaled.jpg\" alt=\"POINTE DE FL\u00c8CHE 3000 ANS +\/- - AUTRE C\u00d4T\u00c9\">\r\n\t\t<div class=\"uig-item-meta \">\r\n\t\t\t\t<h2 class=\"uig-image-title\">POINTE DE FL\u00c8CHE 3000 ANS +\/- - AUTRE C\u00d4T\u00c9<\/h2>\r\n\t\t\t\t\r\n\t\t\t<\/div>\r\n\t\t<\/div><div class=\"uig-gallery-item uig-masonry-gallery-item \">\r\n\t<img decoding=\"async\" src=\"https:\/\/paleo.dbvision360.com\/wp-content\/uploads\/2024\/01\/DSC04526_cpr-scaled.jpg\" alt=\"POINTE DE FL\u00c8CHE 3000 ANS +\/- - VUE DE COUPE\">\r\n\t\t<div class=\"uig-item-meta \">\r\n\t\t\t\t<h2 class=\"uig-image-title\">POINTE DE FL\u00c8CHE 3000 ANS +\/- - VUE DE COUPE<\/h2>\r\n\t\t\t\t\r\n\t\t\t<\/div>\r\n\t\t<\/div><div class=\"uig-gallery-item uig-masonry-gallery-item \">\r\n\t<img decoding=\"async\" src=\"https:\/\/paleo.dbvision360.com\/wp-content\/uploads\/2024\/01\/DSC04527_cpr-scaled.jpg\" alt=\"POINTE DE FL\u00c8CHE 3000 ANS +\/- - VUE DE FACE\">\r\n\t\t<div class=\"uig-item-meta \">\r\n\t\t\t\t<h2 class=\"uig-image-title\">POINTE DE FL\u00c8CHE 3000 ANS +\/- - VUE DE FACE<\/h2>\r\n\t\t\t\t\r\n\t\t\t<\/div>\r\n\t\t<\/div>\t\t<\/div>\r\n\t<\/div>\r\n<\/div>\n","protected":false},"excerpt":{"rendered":"<p>EXPLOREZ LES ROCHES D&rsquo;UNE FA\u00c7ON DE FA\u00c7ON MACROSCOPIQUE COMME AVEC UNE LOUPE Il est possible de se d\u00e9placer dans l\u2019image\u00a0et d\u2019obtenir un grossissement avec votre souris. Pour agrandir une image, cliquer dessus.Pour sortir de l&rsquo;image, cliquer \u00e0 c\u00f4t\u00e9 et vous reviendrez \u00e0 la page de PHOTOS ZOOM. Pour jouer toutes les photos comme un diaporama, [&hellip;]<\/p>\n","protected":false},"author":1,"featured_media":786,"parent":0,"menu_order":0,"comment_status":"closed","ping_status":"closed","template":"","meta":{"site-container-style":"default","site-container-layout":"default","site-sidebar-layout":"default","site-transparent-header":"default","disable-article-header":"default","disable-site-header":"default","disable-site-footer":"default","disable-content-area-spacing":"default","footnotes":""},"class_list":["post-917","page","type-page","status-publish","has-post-thumbnail","hentry"],"_links":{"self":[{"href":"https:\/\/paleo.dbvision360.com\/index.php\/wp-json\/wp\/v2\/pages\/917","targetHints":{"allow":["GET"]}}],"collection":[{"href":"https:\/\/paleo.dbvision360.com\/index.php\/wp-json\/wp\/v2\/pages"}],"about":[{"href":"https:\/\/paleo.dbvision360.com\/index.php\/wp-json\/wp\/v2\/types\/page"}],"author":[{"embeddable":true,"href":"https:\/\/paleo.dbvision360.com\/index.php\/wp-json\/wp\/v2\/users\/1"}],"replies":[{"embeddable":true,"href":"https:\/\/paleo.dbvision360.com\/index.php\/wp-json\/wp\/v2\/comments?post=917"}],"version-history":[{"count":18,"href":"https:\/\/paleo.dbvision360.com\/index.php\/wp-json\/wp\/v2\/pages\/917\/revisions"}],"predecessor-version":[{"id":983,"href":"https:\/\/paleo.dbvision360.com\/index.php\/wp-json\/wp\/v2\/pages\/917\/revisions\/983"}],"wp:featuredmedia":[{"embeddable":true,"href":"https:\/\/paleo.dbvision360.com\/index.php\/wp-json\/wp\/v2\/media\/786"}],"wp:attachment":[{"href":"https:\/\/paleo.dbvision360.com\/index.php\/wp-json\/wp\/v2\/media?parent=917"}],"curies":[{"name":"wp","href":"https:\/\/api.w.org\/{rel}","templated":true}]}}